{"id":545,"date":"2022-05-19T00:19:12","date_gmt":"2022-05-19T00:19:12","guid":{"rendered":"https:\/\/www.clinicasprevenga.com\/?page_id=545"},"modified":"2022-05-19T00:39:58","modified_gmt":"2022-05-19T00:39:58","slug":"politica-de-cookies","status":"publish","type":"page","link":"https:\/\/www.clinicasprevenga.com\/en\/politica-de-cookies\/","title":{"rendered":"Politica de cookies"},"content":{"rendered":"<div data-elementor-type=\"wp-page\" data-elementor-id=\"545\" class=\"elementor elementor-545\" data-elementor-post-type=\"page\">\n\t\t\t\t\t\t<section class=\"elementor-section elementor-top-section elementor-element elementor-element-2a4999b elementor-section-boxed elementor-section-height-default elementor-section-height-default\" data-id=\"2a4999b\" data-element_type=\"section\" data-e-type=\"section\" data-settings=\"{&quot;background_background&quot;:&quot;classic&quot;}\">\n\t\t\t\t\t\t<div class=\"elementor-container elementor-column-gap-default\">\n\t\t\t\t\t<div class=\"elementor-column elementor-col-100 elementor-top-column elementor-element elementor-element-86d5dad\" data-id=\"86d5dad\" data-element_type=\"column\" data-e-type=\"column\">\n\t\t\t<div class=\"elementor-widget-wrap elementor-element-populated\">\n\t\t\t\t\t\t<div class=\"elementor-element elementor-element-2e6ab31 elementor-widget elementor-widget-heading\" data-id=\"2e6ab31\" data-element_type=\"widget\" data-e-type=\"widget\" data-widget_type=\"heading.default\">\n\t\t\t\t<div class=\"elementor-widget-container\">\n\t\t\t\t\t<h2 class=\"elementor-heading-title elementor-size-default\">Pol\u00edticas de Cookies<\/h2>\t\t\t\t<\/div>\n\t\t\t\t<\/div>\n\t\t\t\t\t<\/div>\n\t\t<\/div>\n\t\t\t\t\t<\/div>\n\t\t<\/section>\n\t\t\t\t<section class=\"elementor-section elementor-top-section elementor-element elementor-element-3573140 elementor-section-boxed elementor-section-height-default elementor-section-height-default\" data-id=\"3573140\" data-element_type=\"section\" data-e-type=\"section\">\n\t\t\t\t\t\t<div class=\"elementor-container elementor-column-gap-default\">\n\t\t\t\t\t<div class=\"elementor-column elementor-col-100 elementor-top-column elementor-element elementor-element-feab21b\" data-id=\"feab21b\" data-element_type=\"column\" data-e-type=\"column\">\n\t\t\t<div class=\"elementor-widget-wrap elementor-element-populated\">\n\t\t\t\t\t\t<div class=\"elementor-element elementor-element-9cfb644 elementor-widget elementor-widget-text-editor\" data-id=\"9cfb644\" data-element_type=\"widget\" data-e-type=\"widget\" data-widget_type=\"text-editor.default\">\n\t\t\t\t<div class=\"elementor-widget-container\">\n\t\t\t\t\t\t\t\t\t<ol><li>\u00bfQU\u00c9 SON LAS COOKIES\/DATOS DE NAVEGACI\u00d3N?<\/li><\/ol><p>Las cookies\/datos de navegaci\u00f3n son peque\u00f1os archivos de informaci\u00f3n o fragmentos de texto enviados por un Portal o Aplicaci\u00f3n tecnol\u00f3gica de propiedad de <strong>PREVENGA ODONTOLOGIA PARTICULAR SAS<\/strong> o alguna de sus sociedades controladas o que se encuentren bajo el mismo nivel de control (en adelante Portales y Aplicaciones) y que se almacenan en el navegador o dispositivo del usuario. A trav\u00e9s de las cookies, los Portales recuerdan informaci\u00f3n sobre la visita de los usuarios, lo que permite que se proporcione una mejor y m\u00e1s segura experiencia de navegaci\u00f3n en el mismo. Las cookies se asocian tanto a usuarios an\u00f3nimos, es decir, aquellos que visitan los Portales sin identificarse o registrarse, como aquellos que si lo hacen.<\/p><p>Por otro lado, las cookies no son un virus o cualquier otro tipo de programa malicioso que pueda da\u00f1ar dispositivos de los usuarios. Adicionalmente las cookies no pueden borrar ni leer informaci\u00f3n del computador o dispositivo de los usuarios.<\/p><ol start=\"2\"><li>\u00bfC\u00d3MO OBTIENE <strong>PREVENGA ODONTOLOGIA PARTICULAR SAS<\/strong> LAS COOKIES?<\/li><\/ol><p>Las cookies se crean y\/o actualizan en el computador o dispositivo del usuario de manera autom\u00e1tica, cuando \u00e9ste accede a un Portal de <strong>PREVENGA ODONTOLOGIA PARTICULAR SAS<\/strong>, lo cual permite a <strong>PREVENGA ODONTOLOGIA PARTICULAR SAS<\/strong> o a las terceras personas que este contrate, realizar seguimiento a las cookies del usuario y por ende a la informaci\u00f3n que estas cookies contienen u obtienen del usuario. Es importante aclarar que las cookies solo son le\u00eddas por el sitio web que las cre\u00f3.<\/p><p>\u00a0<\/p><p>\u00a0<\/p><p>\u00a0<\/p><p>3 \u00bfQU\u00c9 CLASE DE COOKIES UTILIZA <strong>PREVENGA ODONTOLOGIA PARTICULAR SAS<\/strong> Y PARA QU\u00c9 LAS UTILIZA?<\/p><ol><li><strong> Cookies Esenciales.<\/strong><\/li><\/ol><p>Estas cookies son esenciales para el Uso del Portal, en el sentido de facilitar el proceso de registro en el mismo, as\u00ed como permitir a los usuarios un acceso m\u00e1s r\u00e1pido y seguro a los servicios seleccionados dentro del Portal. Sin estas cookies, es posible <strong>PREVENGA ODONTOLOGIA PARTICULAR SAS<\/strong> no les pueda ofrecer a los usuarios ciertos servicios dentro del Portal y \u00e9ste puede que no funcione con normalidad.<\/p><p><strong>2.Cookies Funcionales.<\/strong><\/p><p>Mediante el uso de las cookies funcionales, es posible para <strong>PREVENGA ODONTOLOGIA PARTICULAR SAS<\/strong> o el tercero que este contrate, personalizar los servicios que se ofrecen en el Portal, facilitando a cada usuario informaci\u00f3n que es o puede ser de su inter\u00e9s, en atenci\u00f3n al uso que realiza de los servicios y a las p\u00e1ginas espec\u00edficas que visita dentro del Portal. A trav\u00e9s de estas cookies, <strong>PREVENGA ODONTOLOGIA PARTICULAR SAS<\/strong> o las terceras personas que contrate, podr\u00e1n ofrecer a los usuarios una mejor experiencia y mejor rendimiento en la navegaci\u00f3n dentro del Portal.<\/p><ol start=\"3\"><li><strong> Cookies de Publicidad.<\/strong><\/li><\/ol><p><strong>PREVENGA ODONTOLOGIA PARTICULAR SAS.<\/strong> o el tercero que este contrate, mediante el uso de estas cookies, podr\u00e1 entregarle al usuario publicidad que considere que puede llegar a ser de su inter\u00e9s, seg\u00fan las preferencias y comportamientos que el usuario tiene o ha tenido dentro de la red de Portales de <strong>PREVENGA ODONTOLOGIA PARTICULAR SAS<\/strong>. A trav\u00e9s de estas cookies, se podr\u00e1 optimizar la publicidad que el usuario ve en el Portal. Las cookies de publicidad, podr\u00e1n ser entregadas a anunciantes de <strong>PREVENGA ODONTOLOGIA PARTICULAR SAS<\/strong>, para que sean utilizadas por estos para sus campa\u00f1as de mercadeo y publicidad.<\/p><ol start=\"4\"><li><strong> Cookies de An\u00e1lisis o Desempe\u00f1o.<\/strong><\/li><\/ol><p>A trav\u00e9s de las cookies de an\u00e1lisis o desempe\u00f1o, <strong>PREVENGA ODONTOLOGIA PARTICULAR SAS<\/strong> o el tercero que \u00e9ste contrate, puede realizar distintos an\u00e1lisis y estudios de la informaci\u00f3n recolectada, con el fin de mejorar los productos y servicios que <strong>PREVENGA ODONTOLOGIA PARTICULAR SAS<\/strong> ofrece a los usuarios.<\/p><p><strong>PREVENGA ODONTOLOGIA PARTICULAR SAS<\/strong> y los terceros con los que contrate servicios para el uso de cookies, son los \u00fanicos que podr\u00e1n acceder a la informaci\u00f3n almacenada en las cookies que se han instalado dentro del equipo del usuario. La informaci\u00f3n almacenada en las cookies no puede ser le\u00edda por otros usuarios, ni estos podr\u00e1n acceder a la misma.<\/p><p>4 \u00bfPUEDO DESHABILITAR LA INSTALACI\u00d3N Y USO DE COOKIES POR PARTE DE <strong>PREVENGA ODONTOLOGIA PARTICULAR SAS<\/strong>?<\/p><p>El usuario puede deshabilitar tanto la instalaci\u00f3n de las cookies como el uso de las mismas por parte de <strong>PREVENGA ODONTOLOGIA PARTICULAR SAS<\/strong>. Para deshabilitar la instalaci\u00f3n y uso de cookies el usuario deber\u00e1 realizar el procedimiento por navegador tal como se indica a continuaci\u00f3n:<\/p><ul><li>Internet Explorer: Herramientas -&gt; Opciones de Internet -&gt; Privacidad -&gt; Configuraci\u00f3n.<\/li><\/ul><p>Para m\u00e1s informaci\u00f3n, puede consultar el Soporte de Microsoft o la Ayuda del navegador<\/p><ul><li>Firefox: Herramientas -&gt; Opciones -&gt; Privacidad -&gt; Historial -&gt; Configuraci\u00f3n Personalizada.<\/li><\/ul><p>Para m\u00e1s informaci\u00f3n, puede consultar el Soporte de Mozilla o la Ayuda del navegador.<\/p><ul><li>Chrome: Configuraci\u00f3n -&gt; Mostrar opciones avanzadas -&gt; Privacidad -&gt; Configuraci\u00f3n de contenido.<\/li><\/ul><p>Para m\u00e1s informaci\u00f3n, puede consultar el Soporte de Google o la Ayuda del navegador.<\/p><ul><li>Safari: Preferencias -&gt; Seguridad.<\/li><\/ul><p>Para m\u00e1s informaci\u00f3n, puede consultar el Soporte de Apple o la Ayuda del navegador.<\/p><p>Los sistemas de opt-out indicados anteriormente pueden conllevar que se instale en su equipo una cookie \u00abde rechazo\u00bb para que funcione su elecci\u00f3n de desactivaci\u00f3n.<\/p><p>Adicionalmente, existen otras herramientas de terceros, disponibles on line, que permiten a los usuarios detectar las cookies en cada sitio web que visita y gestionar su desactivaci\u00f3n, por ejemplo:<\/p><ul><li>Ghostery:\u00a0<a href=\"http:\/\/www.ghostery.com\/faq\">http:\/\/www.ghostery.com\/faq<\/a><\/li><li>Vanilla Cookie Manager\u00a0<a href=\"https:\/\/chrome.google.com\/webstore\/detail\/vanilla-cookie-manager\/\">https:\/\/chrome.google.com\/webstore\/detail\/vanilla-cookie-manager\/<\/a><\/li><\/ul><p>5 \u00bfQU\u00c9 OCURRE SI SE DESHABILITAN LAS COOKIES?<\/p><p>Si el usuario deshabilita la instalaci\u00f3n o el uso de las cookies para los Portales, podr\u00e1 perder o afectar algunas funcionalidades del sitio, como, por ejemplo:<\/p><ol><li>Poder ingresar a los Portales sin necesidad de indicar en cada ocasi\u00f3n su usuario y contrase\u00f1a, esto le ahorrar\u00e1 tiempo y le permitir\u00e1 utilizar funcionalidades como boletines, alertas, noticias guardadas, entre otros.<\/li><li>Publicaci\u00f3n de comentarios dentro de los Portales.<\/li><li>Acceso al contenido sin restricci\u00f3n dentro de los Portales.<\/li><li>Seguridad en el uso de la informaci\u00f3n que se ingresa en los Portales.<\/li><li>Rapidez en el uso de alg\u00fan servicio dentro de los Portales.<\/li><\/ol><p>\u00a0<\/p><ol start=\"6\"><li>\u00bf<strong>PREVENGA ODONTOLOGIA PARTICULAR SAS<\/strong> COMPARTE LA INFORMACI\u00d3N OBTENIDA A TRAV\u00c9S DE LAS COOKIES CON TERCERAS PERSONAS?<\/li><\/ol><p><strong>PREVENGA ODONTOLOGIA PARTICULAR SAS<\/strong> podr\u00e1 compartir informaci\u00f3n obtenida a trav\u00e9s de las cookies con personas externas o terceros (aliados, clientes, proveedores o empresas vinculadas a <strong>PREVENGA ODONTOLOGIA PARTICULAR SAS<\/strong>), con el fin de mejorar la usabilidad y servicios al usuario. As\u00ed mismo, la informaci\u00f3n que se recibe a trav\u00e9s de las cookies ser\u00e1 utilizada por <strong>PREVENGA ODONTOLOGIA PARTICULAR SAS<\/strong> y los anteriores terceros, para los fines descritos en el presente documento, los indicados en nuestra Pol\u00edtica de privacidad (<a href=\"https:\/\/www.clinicasprevenga.com\/en\/politica-de-cookies\/\">https:\/\/www.clinicasprevenga.com\/politica-de-cookies<\/a>), y cualquiera de sus actualizaciones.<\/p><ol start=\"7\"><li>\u00bfD\u00d3NDE ESTA ALMACENADA LA INFORMACI\u00d3N OBTENIDA A TRAV\u00c9S DE LAS COOKIES?<\/li><\/ol><p><strong>PREVENGA ODONTOLOGIA PARTICULAR SAS<\/strong> podr\u00e1 contratar terceras personas encargadas de almacenar y obtener la informaci\u00f3n a trav\u00e9s de las cookies, o que incluyan cookies dentro de los portales de <strong>PREVENGA ODONTOLOGIA PARTICULAR SAS<\/strong>, personas que podr\u00e1n estar localizadas dentro de Colombia o en el exterior. As\u00ed mismo, <strong>PREVENGA ODONTOLOGIA PARTICULAR SAS<\/strong> podr\u00e1 entregar a terceros, la informaci\u00f3n que se obtenga de las cookies para crear perfiles de usuarios, ofrecer campa\u00f1as personalizadas, sin que lo anterior, implique entrega de informaci\u00f3n personal.<\/p><p>La informaci\u00f3n obtenida a trav\u00e9s de estas cookies, referida al equipo del usuario, podr\u00e1 ser combinada con sus datos personales s\u00f3lo si usted est\u00e1 registrado en un Portal de <strong>PREVENGA ODONTOLOGIA PARTICULAR SAS<\/strong> o si es paciente de alguna de sus cl\u00ednicas.<\/p><ol start=\"8\"><li>\u00bfQU\u00c9 DEBO TENER EN CUENTA SOBRE LA POL\u00cdTICA DE USO DE COOKIES Y D\u00d3NDE ME PUEDO CONTACTAR EN CASO DE DUDAS?<\/li><\/ol><p>La presente Pol\u00edtica contiene la informaci\u00f3n necesaria que debe conocer todo usuario de los Portales sobre el uso de las cookies que realiza <strong>PREVENGA ODONTOLOGIA PARTICULAR SAS<\/strong> o los terceros que este contrate. <strong>PREVENGA ODONTOLOGIA PARTICULAR SAS<\/strong> podr\u00e1 modificar el presente documento en cualquier momento y sin previo aviso para mantenerlos vigentes y actualizados. Por lo anterior, recomendamos a los usuarios revisar la fecha de elaboraci\u00f3n o actualizaci\u00f3n de los mismos, la cual se establece al final del presente documento.<\/p><p>En caso de dudas o inquietudes acerca del uso de cookies o sobre cualquiera de los puntos detallados en esta Pol\u00edtica, por favor escriba al siguiente correo electr\u00f3nico:\u00a0<a href=\"mailto:info@clinicasprevenga.com\">info@clinicasprevenga.com<\/a><\/p>\t\t\t\t\t\t\t\t<\/div>\n\t\t\t\t<\/div>\n\t\t\t\t\t<\/div>\n\t\t<\/div>\n\t\t\t\t\t<\/div>\n\t\t<\/section>\n\t\t\t\t<\/div>","protected":false},"excerpt":{"rendered":"<p>Pol\u00edticas de Cookies \u00bfQU\u00c9 SON LAS COOKIES\/DATOS DE NAVEGACI\u00d3N? Las cookies\/datos de navegaci\u00f3n son peque\u00f1os archivos de informaci\u00f3n o fragmentos de texto enviados por un Portal o Aplicaci\u00f3n tecnol\u00f3gica de propiedad de PREVENGA ODONTOLOGIA PARTICULAR SAS o alguna de sus sociedades controladas o que se encuentren bajo el mismo nivel de control (en adelante Portales [&hellip;]<\/p>\n","protected":false},"author":1,"featured_media":0,"parent":0,"menu_order":0,"comment_status":"closed","ping_status":"closed","template":"","meta":{"site-sidebar-layout":"no-sidebar","site-content-layout":"page-builder","ast-site-content-layout":"","site-content-style":"default","site-sidebar-style":"default","ast-global-header-display":"","ast-banner-title-visibility":"","ast-main-header-display":"","ast-hfb-above-header-display":"","ast-hfb-below-header-display":"","ast-hfb-mobile-header-display":"","site-post-title":"disabled","ast-breadcrumbs-content":"","ast-featured-img":"disabled","footer-sml-layout":"","theme-transparent-header-meta":"","adv-header-id-meta":"","stick-header-meta":"","header-above-stick-meta":"","header-main-stick-meta":"","header-below-stick-meta":"","astra-migrate-meta-layouts":"default","ast-page-background-enabled":"default","ast-page-background-meta":{"desktop":{"background-color":"var(--ast-global-color-4)","background-image":"","background-repeat":"repeat","background-position":"center center","background-size":"auto","background-attachment":"scroll","background-type":"","background-media":"","overlay-type":"","overlay-color":"","overlay-opacity":"","overlay-gradient":""},"tablet":{"background-color":"","background-image":"","background-repeat":"repeat","background-position":"center center","background-size":"auto","background-attachment":"scroll","background-type":"","background-media":"","overlay-type":"","overlay-color":"","overlay-opacity":"","overlay-gradient":""},"mobile":{"background-color":"","background-image":"","background-repeat":"repeat","background-position":"center center","background-size":"auto","background-attachment":"scroll","background-type":"","background-media":"","overlay-type":"","overlay-color":"","overlay-opacity":"","overlay-gradient":""}},"ast-content-background-meta":{"desktop":{"background-color":"var(--ast-global-color-5)","background-image":"","background-repeat":"repeat","background-position":"center center","background-size":"auto","background-attachment":"scroll","background-type":"","background-media":"","overlay-type":"","overlay-color":"","overlay-opacity":"","overlay-gradient":""},"tablet":{"background-color":"var(--ast-global-color-5)","background-image":"","background-repeat":"repeat","background-position":"center center","background-size":"auto","background-attachment":"scroll","background-type":"","background-media":"","overlay-type":"","overlay-color":"","overlay-opacity":"","overlay-gradient":""},"mobile":{"background-color":"var(--ast-global-color-5)","background-image":"","background-repeat":"repeat","background-position":"center center","background-size":"auto","background-attachment":"scroll","background-type":"","background-media":"","overlay-type":"","overlay-color":"","overlay-opacity":"","overlay-gradient":""}},"footnotes":""},"class_list":["post-545","page","type-page","status-publish","hentry"],"_links":{"self":[{"href":"https:\/\/www.clinicasprevenga.com\/en\/wp-json\/wp\/v2\/pages\/545","targetHints":{"allow":["GET"]}}],"collection":[{"href":"https:\/\/www.clinicasprevenga.com\/en\/wp-json\/wp\/v2\/pages"}],"about":[{"href":"https:\/\/www.clinicasprevenga.com\/en\/wp-json\/wp\/v2\/types\/page"}],"author":[{"embeddable":true,"href":"https:\/\/www.clinicasprevenga.com\/en\/wp-json\/wp\/v2\/users\/1"}],"replies":[{"embeddable":true,"href":"https:\/\/www.clinicasprevenga.com\/en\/wp-json\/wp\/v2\/comments?post=545"}],"version-history":[{"count":7,"href":"https:\/\/www.clinicasprevenga.com\/en\/wp-json\/wp\/v2\/pages\/545\/revisions"}],"predecessor-version":[{"id":568,"href":"https:\/\/www.clinicasprevenga.com\/en\/wp-json\/wp\/v2\/pages\/545\/revisions\/568"}],"wp:attachment":[{"href":"https:\/\/www.clinicasprevenga.com\/en\/wp-json\/wp\/v2\/media?parent=545"}],"curies":[{"name":"wp","href":"https:\/\/api.w.org\/{rel}","templated":true}]}}