{"id":3735,"date":"2025-04-01T12:37:59","date_gmt":"2025-04-01T17:37:59","guid":{"rendered":"https:\/\/www.clinicasprevenga.com\/?page_id=3735"},"modified":"2025-12-26T09:38:31","modified_gmt":"2025-12-26T14:38:31","slug":"maraton-de-resinas","status":"publish","type":"page","link":"https:\/\/www.clinicasprevenga.com\/en\/maraton-de-resinas\/","title":{"rendered":"Marat\u00f3n de resinas"},"content":{"rendered":"<div data-elementor-type=\"wp-page\" data-elementor-id=\"3735\" class=\"elementor elementor-3735\" data-elementor-post-type=\"page\">\n\t\t\t\t\t\t<section class=\"elementor-section elementor-top-section elementor-element elementor-element-7e84434 elementor-section-boxed elementor-section-height-default elementor-section-height-default\" data-id=\"7e84434\" data-element_type=\"section\" data-e-type=\"section\">\n\t\t\t\t\t\t<div class=\"elementor-container elementor-column-gap-default\">\n\t\t\t\t\t<div class=\"elementor-column elementor-col-100 elementor-top-column elementor-element elementor-element-1ebf0c1\" data-id=\"1ebf0c1\" data-element_type=\"column\" data-e-type=\"column\">\n\t\t\t<div class=\"elementor-widget-wrap elementor-element-populated\">\n\t\t\t\t\t\t<div class=\"elementor-element elementor-element-49f7df1 elementor-widget elementor-widget-heading\" data-id=\"49f7df1\" data-element_type=\"widget\" data-e-type=\"widget\" data-widget_type=\"heading.default\">\n\t\t\t\t<div class=\"elementor-widget-container\">\n\t\t\t\t\t<h2 class=\"elementor-heading-title elementor-size-default\">Marat\u00f3n de resinas<\/h2>\t\t\t\t<\/div>\n\t\t\t\t<\/div>\n\t\t\t\t<div class=\"elementor-element elementor-element-5e12c70 elementor-widget elementor-widget-text-editor\" data-id=\"5e12c70\" data-element_type=\"widget\" data-e-type=\"widget\" data-widget_type=\"text-editor.default\">\n\t\t\t\t<div class=\"elementor-widget-container\">\n\t\t\t\t\t\t\t\t\t<ol><li>V\u00e1lido durante el mes de ENERO DE 2026<\/li><li>Descuento: Se otorgar\u00e1 un bono de $20,000 por cada superficie en resina, hasta un m\u00e1ximo de $60,000 de descuento por diente tratado (equivalente a 3 superficies).<\/li><li>Si el paciente no asiste a su cita agendada, perder\u00e1 el beneficio del descuento y el tratamiento se cobrar\u00e1 a la tarifa plena en una nueva cita.<\/li><li>Aplicaci\u00f3n: V\u00e1lido para resinas en dientes afectados por caries, fracturas o para cambio de amalgamas.<\/li><li>No aplica para otros procedimientos odontol\u00f3gicos<\/li><li>La cl\u00ednica se reserva el derecho de modificar o cancelar la promoci\u00f3n en cualquier momento sin previo aviso.<\/li><li>Para m\u00e1s informaci\u00f3n y agendamiento, comun\u00edcate con nosotros al 3009126355<\/li><\/ol>\t\t\t\t\t\t\t\t<\/div>\n\t\t\t\t<\/div>\n\t\t\t\t\t<\/div>\n\t\t<\/div>\n\t\t\t\t\t<\/div>\n\t\t<\/section>\n\t\t\t\t<\/div>","protected":false},"excerpt":{"rendered":"<p>V\u00e1lido durante el mes de ENERO DE 2026 Descuento: Se otorgar\u00e1 un bono de $20,000 por cada superficie en resina, hasta un m\u00e1ximo de $60,000 de descuento por diente tratado (equivalente a 3 superficies). Si el paciente no asiste a su cita agendada, perder\u00e1 el beneficio del descuento y el tratamiento se cobrar\u00e1 a la [&hellip;]<\/p>\n","protected":false},"author":1,"featured_media":0,"parent":0,"menu_order":0,"comment_status":"closed","ping_status":"closed","template":"","meta":{"site-sidebar-layout":"no-sidebar","site-content-layout":"page-builder","ast-site-content-layout":"full-width-container","site-content-style":"default","site-sidebar-style":"default","ast-global-header-display":"","ast-banner-title-visibility":"","ast-main-header-display":"","ast-hfb-above-header-display":"","ast-hfb-below-header-display":"","ast-hfb-mobile-header-display":"","site-post-title":"disabled","ast-breadcrumbs-content":"","ast-featured-img":"disabled","footer-sml-layout":"","theme-transparent-header-meta":"","adv-header-id-meta":"","stick-header-meta":"","header-above-stick-meta":"","header-main-stick-meta":"","header-below-stick-meta":"","astra-migrate-meta-layouts":"set","ast-page-background-enabled":"default","ast-page-background-meta":{"desktop":{"background-color":"var(--ast-global-color-4)","background-image":"","background-repeat":"repeat","background-position":"center center","background-size":"auto","background-attachment":"scroll","background-type":"","background-media":"","overlay-type":"","overlay-color":"","overlay-opacity":"","overlay-gradient":""},"tablet":{"background-color":"","background-image":"","background-repeat":"repeat","background-position":"center center","background-size":"auto","background-attachment":"scroll","background-type":"","background-media":"","overlay-type":"","overlay-color":"","overlay-opacity":"","overlay-gradient":""},"mobile":{"background-color":"","background-image":"","background-repeat":"repeat","background-position":"center center","background-size":"auto","background-attachment":"scroll","background-type":"","background-media":"","overlay-type":"","overlay-color":"","overlay-opacity":"","overlay-gradient":""}},"ast-content-background-meta":{"desktop":{"background-color":"var(--ast-global-color-5)","background-image":"","background-repeat":"repeat","background-position":"center center","background-size":"auto","background-attachment":"scroll","background-type":"","background-media":"","overlay-type":"","overlay-color":"","overlay-opacity":"","overlay-gradient":""},"tablet":{"background-color":"var(--ast-global-color-5)","background-image":"","background-repeat":"repeat","background-position":"center center","background-size":"auto","background-attachment":"scroll","background-type":"","background-media":"","overlay-type":"","overlay-color":"","overlay-opacity":"","overlay-gradient":""},"mobile":{"background-color":"var(--ast-global-color-5)","background-image":"","background-repeat":"repeat","background-position":"center center","background-size":"auto","background-attachment":"scroll","background-type":"","background-media":"","overlay-type":"","overlay-color":"","overlay-opacity":"","overlay-gradient":""}},"footnotes":""},"class_list":["post-3735","page","type-page","status-publish","hentry"],"_links":{"self":[{"href":"https:\/\/www.clinicasprevenga.com\/en\/wp-json\/wp\/v2\/pages\/3735","targetHints":{"allow":["GET"]}}],"collection":[{"href":"https:\/\/www.clinicasprevenga.com\/en\/wp-json\/wp\/v2\/pages"}],"about":[{"href":"https:\/\/www.clinicasprevenga.com\/en\/wp-json\/wp\/v2\/types\/page"}],"author":[{"embeddable":true,"href":"https:\/\/www.clinicasprevenga.com\/en\/wp-json\/wp\/v2\/users\/1"}],"replies":[{"embeddable":true,"href":"https:\/\/www.clinicasprevenga.com\/en\/wp-json\/wp\/v2\/comments?post=3735"}],"version-history":[{"count":16,"href":"https:\/\/www.clinicasprevenga.com\/en\/wp-json\/wp\/v2\/pages\/3735\/revisions"}],"predecessor-version":[{"id":5051,"href":"https:\/\/www.clinicasprevenga.com\/en\/wp-json\/wp\/v2\/pages\/3735\/revisions\/5051"}],"wp:attachment":[{"href":"https:\/\/www.clinicasprevenga.com\/en\/wp-json\/wp\/v2\/media?parent=3735"}],"curies":[{"name":"wp","href":"https:\/\/api.w.org\/{rel}","templated":true}]}}