{"id":3542,"date":"2025-01-31T17:22:28","date_gmt":"2025-01-31T22:22:28","guid":{"rendered":"https:\/\/www.clinicasprevenga.com\/?page_id=3542"},"modified":"2025-02-04T12:06:42","modified_gmt":"2025-02-04T17:06:42","slug":"regalos-de-san-valentin","status":"publish","type":"page","link":"https:\/\/www.clinicasprevenga.com\/en\/regalos-de-san-valentin\/","title":{"rendered":"Regalos de San Valent\u00edn"},"content":{"rendered":"<div data-elementor-type=\"wp-page\" data-elementor-id=\"3542\" class=\"elementor elementor-3542\" data-elementor-post-type=\"page\">\n\t\t\t\t\t\t<section class=\"elementor-section elementor-top-section elementor-element elementor-element-75a8aba elementor-section-boxed elementor-section-height-default elementor-section-height-default\" data-id=\"75a8aba\" data-element_type=\"section\" data-e-type=\"section\">\n\t\t\t\t\t\t<div class=\"elementor-container elementor-column-gap-default\">\n\t\t\t\t\t<div class=\"elementor-column elementor-col-100 elementor-top-column elementor-element elementor-element-08b05b2\" data-id=\"08b05b2\" data-element_type=\"column\" data-e-type=\"column\">\n\t\t\t<div class=\"elementor-widget-wrap elementor-element-populated\">\n\t\t\t\t\t\t<div class=\"elementor-element elementor-element-226736b elementor-widget elementor-widget-heading\" data-id=\"226736b\" data-element_type=\"widget\" data-e-type=\"widget\" data-widget_type=\"heading.default\">\n\t\t\t\t<div class=\"elementor-widget-container\">\n\t\t\t\t\t<h2 class=\"elementor-heading-title elementor-size-default\">Regalos de San Valent\u00edn<\/h2>\t\t\t\t<\/div>\n\t\t\t\t<\/div>\n\t\t\t\t<div class=\"elementor-element elementor-element-15238da elementor-widget elementor-widget-text-editor\" data-id=\"15238da\" data-element_type=\"widget\" data-e-type=\"widget\" data-widget_type=\"text-editor.default\">\n\t\t\t\t<div class=\"elementor-widget-container\">\n\t\t\t\t\t\t\t\t\t<ol><li><strong>Vigencia:<\/strong>\u00a0Promoci\u00f3n v\u00e1lida del\u00a0<strong>3 al 28 de febrero de 2025, o hasta agotar existencias.<\/strong><\/li><li><strong>Requisitos:<\/strong>\u00a0Los regalos sorpresa ser\u00e1n entregados \u00fanicamente a los pacientes que asistan a consulta o tratamiento en nuestra sede durante el per\u00edodo de la promoci\u00f3n.<\/li><li><strong>Para hacer uso de los beneficios<\/strong>, los pacientes deben cumplir con los requisitos espec\u00edficos de cada promoci\u00f3n.<\/li><li><strong>Las promociones no son acumulables<\/strong> con otros descuentos o promociones vigentes.<\/li><li><strong>Disponibilidad:<\/strong>\u00a0Los obsequios son\u00a0limitados\u00a0y se entregar\u00e1n hasta agotar existencias.<\/li><li><strong>Asignaci\u00f3n:<\/strong>\u00a0La selecci\u00f3n del regalo es\u00a0aleatoria\u00a0y no puede ser cambiado ni canjeada por dinero u otros servicios.<\/li><li><strong>Aplicabilidad:<\/strong>\u00a0V\u00e1lido \u00fanicamente en nuestras sedes particulares y para pacientes con cita previa o atenci\u00f3n el mismo d\u00eda.<\/li><li><strong>Condiciones adicionales:<\/strong>\u00a0Nos reservamos el derecho de modificar o cancelar la promoci\u00f3n en cualquier momento sin previo aviso.<\/li><li><strong>Los beneficios obtenidos no son canjeables<\/strong> por otros tratamientos o servicios. Cada beneficio debe utilizarse exclusivamente para el premio espec\u00edfico que se indica en la promoci\u00f3n.<\/li><li><strong>Tipo de sorpresa:<\/strong>\u00a0Algunos de los beneficios incluyen\u00a0tips y recomendaciones de cuidado dental, por lo que no todos los pacientes recibir\u00e1n un obsequio f\u00edsico.<\/li><li><strong>Bono de $200,000 para iniciar ortodoncia:<\/strong><\/li><\/ol><ul><li>Aplica para tratamientos de ortodoncia convencional y ortodoncia compleja.<\/li><li>El bono se aplica en las \u00faltimas cuotas del paciente.<\/li><li>V\u00e1lido para tratamientos iniciados entre el 3 y el 28 de febrero de 2025.<\/li><\/ul><ol start=\"12\"><li><strong>Limpieza profunda gratis al iniciar ortodoncia:<\/strong><\/li><\/ol><ul><li>V\u00e1lido del 3 al 28 de febrero de 2025.<\/li><li>Beneficio exclusivo para pacientes que inicien su tratamiento de ortodoncia dentro del periodo de la promoci\u00f3n.<\/li><\/ul><ol start=\"13\"><li><strong>30% de descuento en aclaramiento dental<\/strong><\/li><\/ol><ul><li>Aplica para un (1) procedimiento de aclaramiento dental.<\/li><li>Cannot be combined with other promotions or discounts.<\/li><li>V\u00e1lido del 3 al 28 de febrero de 2025.<\/li><li>No aplica para pacientes menores de edad.<\/li><\/ul><ol start=\"14\"><li><strong>Bono de $20,000 para tratamientos de odontolog\u00eda general:<\/strong><\/li><\/ol><ul><li>Puede usarse como abono en un tratamiento en curso o para iniciar uno nuevo de odontolog\u00eda general.<\/li><li>No es canjeable por dinero en efectivo y puede ser transferible a otro paciente.<\/li><li>V\u00e1lido del 3 al 28 de febrero de 2025.<\/li><\/ul><ol start=\"15\"><li><strong>Aplicaci\u00f3n de fl\u00faor en barniz gratis:<\/strong><\/li><\/ol><ul><li>Tratamiento dise\u00f1ado para fortalecer los dientes y prevenir la aparici\u00f3n de caries en los ni\u00f1os.<\/li><li>Beneficio v\u00e1lido del 3 al 28 de febrero de 2025. Puede ser transferible a otro paciente.<\/li><\/ul><ol start=\"13\"><li><strong>20% de descuento en un aclaramiento dental al finalizar la ortodoncia:<\/strong><\/li><\/ol><ul><li>V\u00e1lido para pacientes que inicien su tratamiento de ortodoncia entre el 3 y el 28 de febrero de 2025.<\/li><li>El descuento ser\u00e1 aplicado exclusivamente al aclaramiento dental al finalizar el tratamiento de ortodoncia.<\/li><li>No aplica para pacientes menos de edad.<\/li><\/ul><ol start=\"14\"><li><strong>Bono de $50,000 para Afiliaci\u00f3n al Plan Dental Familiar:<\/strong><\/li><\/ol><ul><li>V\u00e1lido para personas que se afilien al Plan Dental Familiar entre el 3 y el 28 de febrero de 2025.<\/li><li>Si el beneficiario decide no utilizarlo, puede transferirlo a otro paciente, siempre y cuando la afiliaci\u00f3n se realice dentro de las fechas establecidas.<\/li><\/ul><ol start=\"15\"><li><strong>50% de Descuento en la Segunda Afiliaci\u00f3n al Plan Dental Familiar:<\/strong><\/li><\/ol><ul><li>V\u00e1lido para personas que se afilien al Plan Dental Familiar entre el 3 y el 28 de febrero de 2025.<\/li><li>Este descuento aplica \u00fanicamente para la segunda afiliaci\u00f3n y puede ser transferido a otro paciente que tambi\u00e9n se afilie al plan dentro del per\u00edodo establecido.<\/li><\/ul><ol start=\"16\"><li><strong>50% de Descuento en la Renovaci\u00f3n del Plan Dental Familiar:<\/strong><\/li><\/ol><ul><li>V\u00e1lido para personas que se afilien al Plan Dental Familiar entre el 3 y el 28 de febrero de 2025.<\/li><li>puede ser transferido a otro paciente que tambi\u00e9n se afilie al plan dentro del per\u00edodo establecido.<\/li><\/ul><ol start=\"17\"><li><strong>46% de descuento en la pr\u00f3xima limpieza profunda:<\/strong><\/li><\/ol><ul><li>V\u00e1lido para las personas que se realicen una limpieza profunda entre el 3 y el 28 de febrero de 2025.<\/li><li>El descuento ser\u00e1 aplicado exclusivamente al costo de la limpieza profunda.<\/li><\/ul><ol start=\"18\"><li><strong>20% de Descuento en Tratamientos de Odontolog\u00eda General para Miembros del Plan Dental Familiar:<\/strong><\/li><\/ol><ul><li>Al afiliarse al Plan Dental Familiar entre el 3 y el 28 de febrero de 2025, los beneficiarios recibir\u00e1n un 20% de descuento en todos los tratamientos de odontolog\u00eda general para tres miembros de su familia.<\/li><\/ul><ol start=\"19\"><li><strong>Limpieza Dental Gratis:<\/strong><\/li><\/ol><ul><li>El beneficio de limpieza dental gratis puede ser transferido a otro paciente.<\/li><\/ul><ol start=\"20\"><li><strong>2&#215;1 en Limpieza Dental Profunda:<\/strong><\/li><\/ol><ul><li>V\u00e1lido entre el 3 y el 28 de febrero de 2025, el beneficio permite realizar dos limpiezas profundas por el precio de una (COP $140,000).<\/li><li>Este beneficio puede ser transferido a otro paciente.<\/li><\/ul>\t\t\t\t\t\t\t\t<\/div>\n\t\t\t\t<\/div>\n\t\t\t\t\t<\/div>\n\t\t<\/div>\n\t\t\t\t\t<\/div>\n\t\t<\/section>\n\t\t\t\t<\/div>","protected":false},"excerpt":{"rendered":"<p>Vigencia:\u00a0Promoci\u00f3n v\u00e1lida del\u00a03 al 28 de febrero de 2025, o hasta agotar existencias. Requisitos:\u00a0Los regalos sorpresa ser\u00e1n entregados \u00fanicamente a los pacientes que asistan a consulta o tratamiento en nuestra sede durante el per\u00edodo de la promoci\u00f3n. Para hacer uso de los beneficios, los pacientes deben cumplir con los requisitos espec\u00edficos de cada promoci\u00f3n. Las [&hellip;]<\/p>\n","protected":false},"author":1,"featured_media":0,"parent":0,"menu_order":0,"comment_status":"closed","ping_status":"closed","template":"","meta":{"site-sidebar-layout":"no-sidebar","site-content-layout":"page-builder","ast-site-content-layout":"full-width-container","site-content-style":"default","site-sidebar-style":"default","ast-global-header-display":"","ast-banner-title-visibility":"","ast-main-header-display":"","ast-hfb-above-header-display":"","ast-hfb-below-header-display":"","ast-hfb-mobile-header-display":"","site-post-title":"disabled","ast-breadcrumbs-content":"","ast-featured-img":"disabled","footer-sml-layout":"","theme-transparent-header-meta":"","adv-header-id-meta":"","stick-header-meta":"","header-above-stick-meta":"","header-main-stick-meta":"","header-below-stick-meta":"","astra-migrate-meta-layouts":"set","ast-page-background-enabled":"default","ast-page-background-meta":{"desktop":{"background-color":"var(--ast-global-color-4)","background-image":"","background-repeat":"repeat","background-position":"center center","background-size":"auto","background-attachment":"scroll","background-type":"","background-media":"","overlay-type":"","overlay-color":"","overlay-opacity":"","overlay-gradient":""},"tablet":{"background-color":"","background-image":"","background-repeat":"repeat","background-position":"center center","background-size":"auto","background-attachment":"scroll","background-type":"","background-media":"","overlay-type":"","overlay-color":"","overlay-opacity":"","overlay-gradient":""},"mobile":{"background-color":"","background-image":"","background-repeat":"repeat","background-position":"center center","background-size":"auto","background-attachment":"scroll","background-type":"","background-media":"","overlay-type":"","overlay-color":"","overlay-opacity":"","overlay-gradient":""}},"ast-content-background-meta":{"desktop":{"background-color":"var(--ast-global-color-5)","background-image":"","background-repeat":"repeat","background-position":"center center","background-size":"auto","background-attachment":"scroll","background-type":"","background-media":"","overlay-type":"","overlay-color":"","overlay-opacity":"","overlay-gradient":""},"tablet":{"background-color":"var(--ast-global-color-5)","background-image":"","background-repeat":"repeat","background-position":"center center","background-size":"auto","background-attachment":"scroll","background-type":"","background-media":"","overlay-type":"","overlay-color":"","overlay-opacity":"","overlay-gradient":""},"mobile":{"background-color":"var(--ast-global-color-5)","background-image":"","background-repeat":"repeat","background-position":"center center","background-size":"auto","background-attachment":"scroll","background-type":"","background-media":"","overlay-type":"","overlay-color":"","overlay-opacity":"","overlay-gradient":""}},"footnotes":""},"class_list":["post-3542","page","type-page","status-publish","hentry"],"_links":{"self":[{"href":"https:\/\/www.clinicasprevenga.com\/en\/wp-json\/wp\/v2\/pages\/3542","targetHints":{"allow":["GET"]}}],"collection":[{"href":"https:\/\/www.clinicasprevenga.com\/en\/wp-json\/wp\/v2\/pages"}],"about":[{"href":"https:\/\/www.clinicasprevenga.com\/en\/wp-json\/wp\/v2\/types\/page"}],"author":[{"embeddable":true,"href":"https:\/\/www.clinicasprevenga.com\/en\/wp-json\/wp\/v2\/users\/1"}],"replies":[{"embeddable":true,"href":"https:\/\/www.clinicasprevenga.com\/en\/wp-json\/wp\/v2\/comments?post=3542"}],"version-history":[{"count":22,"href":"https:\/\/www.clinicasprevenga.com\/en\/wp-json\/wp\/v2\/pages\/3542\/revisions"}],"predecessor-version":[{"id":3578,"href":"https:\/\/www.clinicasprevenga.com\/en\/wp-json\/wp\/v2\/pages\/3542\/revisions\/3578"}],"wp:attachment":[{"href":"https:\/\/www.clinicasprevenga.com\/en\/wp-json\/wp\/v2\/media?parent=3542"}],"curies":[{"name":"wp","href":"https:\/\/api.w.org\/{rel}","templated":true}]}}