{"id":3377,"date":"2024-09-02T08:35:57","date_gmt":"2024-09-02T13:35:57","guid":{"rendered":"https:\/\/www.clinicasprevenga.com\/?page_id=3377"},"modified":"2024-09-02T08:48:43","modified_gmt":"2024-09-02T13:48:43","slug":"2x1-en-aclaramiento-dental","status":"publish","type":"page","link":"https:\/\/www.clinicasprevenga.com\/en\/2x1-en-aclaramiento-dental\/","title":{"rendered":"2X1 en aclaramiento dental"},"content":{"rendered":"<div data-elementor-type=\"wp-page\" data-elementor-id=\"3377\" class=\"elementor elementor-3377\" data-elementor-post-type=\"page\">\n\t\t\t\t\t\t<section class=\"elementor-section elementor-top-section elementor-element elementor-element-aa77123 elementor-section-boxed elementor-section-height-default elementor-section-height-default\" data-id=\"aa77123\" data-element_type=\"section\" data-e-type=\"section\">\n\t\t\t\t\t\t<div class=\"elementor-container elementor-column-gap-default\">\n\t\t\t\t\t<div class=\"elementor-column elementor-col-100 elementor-top-column elementor-element elementor-element-ae2ca21\" data-id=\"ae2ca21\" data-element_type=\"column\" data-e-type=\"column\">\n\t\t\t<div class=\"elementor-widget-wrap elementor-element-populated\">\n\t\t\t\t\t\t<div class=\"elementor-element elementor-element-ad0c681 elementor-widget elementor-widget-heading\" data-id=\"ad0c681\" data-element_type=\"widget\" data-e-type=\"widget\" data-widget_type=\"heading.default\">\n\t\t\t\t<div class=\"elementor-widget-container\">\n\t\t\t\t\t<h2 class=\"elementor-heading-title elementor-size-default\">2X1 en aclaramiento dental<\/h2>\t\t\t\t<\/div>\n\t\t\t\t<\/div>\n\t\t\t\t<div class=\"elementor-element elementor-element-d75e5cd elementor-widget elementor-widget-text-editor\" data-id=\"d75e5cd\" data-element_type=\"widget\" data-e-type=\"widget\" data-widget_type=\"text-editor.default\">\n\t\t\t\t<div class=\"elementor-widget-container\">\n\t\t\t\t\t\t\t\t\t<ol><li>Promoci\u00f3n v\u00e1lida del 2 al 30 de septiembre de 2024.<\/li><li>Costo $700,000. Cada paciente cancela un total de $350,000.<\/li><li>Para recibir el valor antes mencionado, primero se debe hacer una valoraci\u00f3n inicial, la cual no tiene costo, para asegurarnos que el paciente no tenga ning\u00fan problema odontol\u00f3gico y que s\u00ed se pueda realizar el tratamiento.<\/li><li>Al momento de iniciar el tratamiento, se debe cancelar la mitad del monto total, es decir, que cada paciente debe dar una cuota de $175.000 y el d\u00eda de\u00a0 la \u00faltima cita se cancela el restante $175,000.<\/li><li>El aclaramiento dental incluye profilaxis, 2 jeringas de aclaramiento y 1 sesi\u00f3n de aclaramiento en consultorio.\u00a0<\/li><li>El resultado y duraci\u00f3n del tratamiento depende de la evoluci\u00f3n, seguimiento a las recomendaciones y condiciones cl\u00ednicas de cada paciente.<\/li><li>Applies to all Prevenga agreements.<\/li><li>Cannot be combined with other promotions or discounts.<\/li><\/ol>\t\t\t\t\t\t\t\t<\/div>\n\t\t\t\t<\/div>\n\t\t\t\t\t<\/div>\n\t\t<\/div>\n\t\t\t\t\t<\/div>\n\t\t<\/section>\n\t\t\t\t<\/div>","protected":false},"excerpt":{"rendered":"<p>Promoci\u00f3n v\u00e1lida del 2 al 30 de septiembre de 2024. Costo $700,000. Cada paciente cancela un total de $350,000. Para recibir el valor antes mencionado, primero se debe hacer una valoraci\u00f3n inicial, la cual no tiene costo, para asegurarnos que el paciente no tenga ning\u00fan problema odontol\u00f3gico y que s\u00ed se pueda realizar el tratamiento. [&hellip;]<\/p>\n","protected":false},"author":1,"featured_media":0,"parent":0,"menu_order":0,"comment_status":"closed","ping_status":"closed","template":"","meta":{"site-sidebar-layout":"no-sidebar","site-content-layout":"page-builder","ast-site-content-layout":"","site-content-style":"default","site-sidebar-style":"default","ast-global-header-display":"","ast-banner-title-visibility":"","ast-main-header-display":"","ast-hfb-above-header-display":"","ast-hfb-below-header-display":"","ast-hfb-mobile-header-display":"","site-post-title":"disabled","ast-breadcrumbs-content":"","ast-featured-img":"disabled","footer-sml-layout":"","theme-transparent-header-meta":"","adv-header-id-meta":"","stick-header-meta":"","header-above-stick-meta":"","header-main-stick-meta":"","header-below-stick-meta":"","astra-migrate-meta-layouts":"default","ast-page-background-enabled":"default","ast-page-background-meta":{"desktop":{"background-color":"var(--ast-global-color-4)","background-image":"","background-repeat":"repeat","background-position":"center center","background-size":"auto","background-attachment":"scroll","background-type":"","background-media":"","overlay-type":"","overlay-color":"","overlay-opacity":"","overlay-gradient":""},"tablet":{"background-color":"","background-image":"","background-repeat":"repeat","background-position":"center center","background-size":"auto","background-attachment":"scroll","background-type":"","background-media":"","overlay-type":"","overlay-color":"","overlay-opacity":"","overlay-gradient":""},"mobile":{"background-color":"","background-image":"","background-repeat":"repeat","background-position":"center center","background-size":"auto","background-attachment":"scroll","background-type":"","background-media":"","overlay-type":"","overlay-color":"","overlay-opacity":"","overlay-gradient":""}},"ast-content-background-meta":{"desktop":{"background-color":"var(--ast-global-color-5)","background-image":"","background-repeat":"repeat","background-position":"center center","background-size":"auto","background-attachment":"scroll","background-type":"","background-media":"","overlay-type":"","overlay-color":"","overlay-opacity":"","overlay-gradient":""},"tablet":{"background-color":"var(--ast-global-color-5)","background-image":"","background-repeat":"repeat","background-position":"center center","background-size":"auto","background-attachment":"scroll","background-type":"","background-media":"","overlay-type":"","overlay-color":"","overlay-opacity":"","overlay-gradient":""},"mobile":{"background-color":"var(--ast-global-color-5)","background-image":"","background-repeat":"repeat","background-position":"center center","background-size":"auto","background-attachment":"scroll","background-type":"","background-media":"","overlay-type":"","overlay-color":"","overlay-opacity":"","overlay-gradient":""}},"footnotes":""},"class_list":["post-3377","page","type-page","status-publish","hentry"],"_links":{"self":[{"href":"https:\/\/www.clinicasprevenga.com\/en\/wp-json\/wp\/v2\/pages\/3377","targetHints":{"allow":["GET"]}}],"collection":[{"href":"https:\/\/www.clinicasprevenga.com\/en\/wp-json\/wp\/v2\/pages"}],"about":[{"href":"https:\/\/www.clinicasprevenga.com\/en\/wp-json\/wp\/v2\/types\/page"}],"author":[{"embeddable":true,"href":"https:\/\/www.clinicasprevenga.com\/en\/wp-json\/wp\/v2\/users\/1"}],"replies":[{"embeddable":true,"href":"https:\/\/www.clinicasprevenga.com\/en\/wp-json\/wp\/v2\/comments?post=3377"}],"version-history":[{"count":7,"href":"https:\/\/www.clinicasprevenga.com\/en\/wp-json\/wp\/v2\/pages\/3377\/revisions"}],"predecessor-version":[{"id":3385,"href":"https:\/\/www.clinicasprevenga.com\/en\/wp-json\/wp\/v2\/pages\/3377\/revisions\/3385"}],"wp:attachment":[{"href":"https:\/\/www.clinicasprevenga.com\/en\/wp-json\/wp\/v2\/media?parent=3377"}],"curies":[{"name":"wp","href":"https:\/\/api.w.org\/{rel}","templated":true}]}}