{"id":2597,"date":"2023-12-01T10:00:40","date_gmt":"2023-12-01T15:00:40","guid":{"rendered":"https:\/\/www.clinicasprevenga.com\/?page_id=2597"},"modified":"2025-11-04T12:29:09","modified_gmt":"2025-11-04T17:29:09","slug":"aclaramiento-combinado","status":"publish","type":"page","link":"https:\/\/www.clinicasprevenga.com\/en\/aclaramiento-combinado\/","title":{"rendered":"Aclaramiento combinado"},"content":{"rendered":"<div data-elementor-type=\"wp-page\" data-elementor-id=\"2597\" class=\"elementor elementor-2597\" data-elementor-post-type=\"page\">\n\t\t\t\t\t\t<section class=\"elementor-section elementor-top-section elementor-element elementor-element-4ee40b2 elementor-section-boxed elementor-section-height-default elementor-section-height-default\" data-id=\"4ee40b2\" data-element_type=\"section\" data-e-type=\"section\">\n\t\t\t\t\t\t<div class=\"elementor-container elementor-column-gap-default\">\n\t\t\t\t\t<div class=\"elementor-column elementor-col-100 elementor-top-column elementor-element elementor-element-fd1a01f\" data-id=\"fd1a01f\" data-element_type=\"column\" data-e-type=\"column\">\n\t\t\t<div class=\"elementor-widget-wrap elementor-element-populated\">\n\t\t\t\t\t\t<div class=\"elementor-element elementor-element-4b297f7 elementor-widget elementor-widget-heading\" data-id=\"4b297f7\" data-element_type=\"widget\" data-e-type=\"widget\" data-widget_type=\"heading.default\">\n\t\t\t\t<div class=\"elementor-widget-container\">\n\t\t\t\t\t<h2 class=\"elementor-heading-title elementor-size-default\">Aclaramiento combinado<\/h2>\t\t\t\t<\/div>\n\t\t\t\t<\/div>\n\t\t\t\t<div class=\"elementor-element elementor-element-35beb0e elementor-widget elementor-widget-text-editor\" data-id=\"35beb0e\" data-element_type=\"widget\" data-e-type=\"widget\" data-widget_type=\"text-editor.default\">\n\t\t\t\t<div class=\"elementor-widget-container\">\n\t\t\t\t\t\t\t\t\t<ol><li><b>Promoci\u00f3n v\u00e1lida en el mes de noviembre de 2025<\/b><\/li><li>Durante el mes de noviembre de 2025, los pacientes podr\u00e1n acceder a un <b>16% de descuento<\/b> en el tratamiento de <b>Aclaramiento Dental Combinado<\/b>, pasando de un valor regular de <b>$450.000<\/b> a <b>$380.000<\/b>.<\/li><li><b>\u00bfQu\u00e9 incluye el tratamiento?<\/b> Profilaxis (limpieza previa), 1 sesi\u00f3n de aclaramiento en consultorio y 2 jeringas de aclaramiento para uso en casa.<\/li><li>La promoci\u00f3n aplica \u00fanicamente para el tratamiento de <b>Aclaramiento Dental Combinado<\/b> descrito en el punto anterior.<\/li><li>El descuento no es acumulable con otras promociones, bonos o convenios vigentes.<\/li><li>El tratamiento debe ser pagado dentro del mes de <b>noviembre de 2025<\/b>.<\/li><li>Los resultados del aclaramiento pueden variar seg\u00fan las caracter\u00edsticas individuales de cada paciente (h\u00e1bitos, coloraci\u00f3n dental, estado de salud oral, entre otros).<\/li><li><b>Restricciones<\/b>: Aplica \u00fanicamente para pacientes mayores de 18 a\u00f1os.<\/li><\/ol>\t\t\t\t\t\t\t\t<\/div>\n\t\t\t\t<\/div>\n\t\t\t\t\t<\/div>\n\t\t<\/div>\n\t\t\t\t\t<\/div>\n\t\t<\/section>\n\t\t\t\t<\/div>","protected":false},"excerpt":{"rendered":"<p>Promoci\u00f3n v\u00e1lida en el mes de noviembre de 2025 Durante el mes de noviembre de 2025, los pacientes podr\u00e1n acceder a un 16% de descuento en el tratamiento de Aclaramiento Dental Combinado, pasando de un valor regular de $450.000 a $380.000. \u00bfQu\u00e9 incluye el tratamiento? Profilaxis (limpieza previa), 1 sesi\u00f3n de aclaramiento en consultorio y [&hellip;]<\/p>\n","protected":false},"author":1,"featured_media":0,"parent":0,"menu_order":0,"comment_status":"closed","ping_status":"closed","template":"","meta":{"site-sidebar-layout":"no-sidebar","site-content-layout":"page-builder","ast-site-content-layout":"full-width-container","site-content-style":"unboxed","site-sidebar-style":"unboxed","ast-global-header-display":"","ast-banner-title-visibility":"","ast-main-header-display":"","ast-hfb-above-header-display":"","ast-hfb-below-header-display":"","ast-hfb-mobile-header-display":"","site-post-title":"disabled","ast-breadcrumbs-content":"","ast-featured-img":"disabled","footer-sml-layout":"","theme-transparent-header-meta":"","adv-header-id-meta":"","stick-header-meta":"","header-above-stick-meta":"","header-main-stick-meta":"","header-below-stick-meta":"","astra-migrate-meta-layouts":"set","ast-page-background-enabled":"default","ast-page-background-meta":{"desktop":{"background-color":"var(--ast-global-color-4)","background-image":"","background-repeat":"repeat","background-position":"center center","background-size":"auto","background-attachment":"scroll","background-type":"","background-media":"","overlay-type":"","overlay-color":"","overlay-opacity":"","overlay-gradient":""},"tablet":{"background-color":"","background-image":"","background-repeat":"repeat","background-position":"center center","background-size":"auto","background-attachment":"scroll","background-type":"","background-media":"","overlay-type":"","overlay-color":"","overlay-opacity":"","overlay-gradient":""},"mobile":{"background-color":"","background-image":"","background-repeat":"repeat","background-position":"center center","background-size":"auto","background-attachment":"scroll","background-type":"","background-media":"","overlay-type":"","overlay-color":"","overlay-opacity":"","overlay-gradient":""}},"ast-content-background-meta":{"desktop":{"background-color":"var(--ast-global-color-5)","background-image":"","background-repeat":"repeat","background-position":"center center","background-size":"auto","background-attachment":"scroll","background-type":"","background-media":"","overlay-type":"","overlay-color":"","overlay-opacity":"","overlay-gradient":""},"tablet":{"background-color":"var(--ast-global-color-5)","background-image":"","background-repeat":"repeat","background-position":"center center","background-size":"auto","background-attachment":"scroll","background-type":"","background-media":"","overlay-type":"","overlay-color":"","overlay-opacity":"","overlay-gradient":""},"mobile":{"background-color":"var(--ast-global-color-5)","background-image":"","background-repeat":"repeat","background-position":"center center","background-size":"auto","background-attachment":"scroll","background-type":"","background-media":"","overlay-type":"","overlay-color":"","overlay-opacity":"","overlay-gradient":""}},"footnotes":""},"class_list":["post-2597","page","type-page","status-publish","hentry"],"_links":{"self":[{"href":"https:\/\/www.clinicasprevenga.com\/en\/wp-json\/wp\/v2\/pages\/2597","targetHints":{"allow":["GET"]}}],"collection":[{"href":"https:\/\/www.clinicasprevenga.com\/en\/wp-json\/wp\/v2\/pages"}],"about":[{"href":"https:\/\/www.clinicasprevenga.com\/en\/wp-json\/wp\/v2\/types\/page"}],"author":[{"embeddable":true,"href":"https:\/\/www.clinicasprevenga.com\/en\/wp-json\/wp\/v2\/users\/1"}],"replies":[{"embeddable":true,"href":"https:\/\/www.clinicasprevenga.com\/en\/wp-json\/wp\/v2\/comments?post=2597"}],"version-history":[{"count":26,"href":"https:\/\/www.clinicasprevenga.com\/en\/wp-json\/wp\/v2\/pages\/2597\/revisions"}],"predecessor-version":[{"id":4404,"href":"https:\/\/www.clinicasprevenga.com\/en\/wp-json\/wp\/v2\/pages\/2597\/revisions\/4404"}],"wp:attachment":[{"href":"https:\/\/www.clinicasprevenga.com\/en\/wp-json\/wp\/v2\/media?parent=2597"}],"curies":[{"name":"wp","href":"https:\/\/api.w.org\/{rel}","templated":true}]}}