{"id":2573,"date":"2023-11-01T07:47:23","date_gmt":"2023-11-01T12:47:23","guid":{"rendered":"https:\/\/www.clinicasprevenga.com\/?page_id=2573"},"modified":"2023-11-01T07:51:28","modified_gmt":"2023-11-01T12:51:28","slug":"cambio-de-amalgama-por-resina","status":"publish","type":"page","link":"https:\/\/www.clinicasprevenga.com\/en\/cambio-de-amalgama-por-resina\/","title":{"rendered":"Cambio de amalgama por resina"},"content":{"rendered":"<div data-elementor-type=\"wp-page\" data-elementor-id=\"2573\" class=\"elementor elementor-2573\" data-elementor-post-type=\"page\">\n\t\t\t\t\t\t<section class=\"elementor-section elementor-top-section elementor-element elementor-element-a1512ae elementor-section-boxed elementor-section-height-default elementor-section-height-default\" data-id=\"a1512ae\" data-element_type=\"section\" data-e-type=\"section\">\n\t\t\t\t\t\t<div class=\"elementor-container elementor-column-gap-default\">\n\t\t\t\t\t<div class=\"elementor-column elementor-col-100 elementor-top-column elementor-element elementor-element-a310166\" data-id=\"a310166\" data-element_type=\"column\" data-e-type=\"column\">\n\t\t\t<div class=\"elementor-widget-wrap elementor-element-populated\">\n\t\t\t\t\t\t<div class=\"elementor-element elementor-element-18872a8 elementor-widget elementor-widget-heading\" data-id=\"18872a8\" data-element_type=\"widget\" data-e-type=\"widget\" data-widget_type=\"heading.default\">\n\t\t\t\t<div class=\"elementor-widget-container\">\n\t\t\t\t\t<h2 class=\"elementor-heading-title elementor-size-default\">Cambio de amalgama por resina<\/h2>\t\t\t\t<\/div>\n\t\t\t\t<\/div>\n\t\t\t\t\t<\/div>\n\t\t<\/div>\n\t\t\t\t\t<\/div>\n\t\t<\/section>\n\t\t\t\t<section class=\"elementor-section elementor-top-section elementor-element elementor-element-f841627 elementor-section-boxed elementor-section-height-default elementor-section-height-default\" data-id=\"f841627\" data-element_type=\"section\" data-e-type=\"section\">\n\t\t\t\t\t\t<div class=\"elementor-container elementor-column-gap-default\">\n\t\t\t\t\t<div class=\"elementor-column elementor-col-100 elementor-top-column elementor-element elementor-element-35236ee\" data-id=\"35236ee\" data-element_type=\"column\" data-e-type=\"column\">\n\t\t\t<div class=\"elementor-widget-wrap elementor-element-populated\">\n\t\t\t\t\t\t<div class=\"elementor-element elementor-element-def65d5 elementor-widget elementor-widget-text-editor\" data-id=\"def65d5\" data-element_type=\"widget\" data-e-type=\"widget\" data-widget_type=\"text-editor.default\">\n\t\t\t\t<div class=\"elementor-widget-container\">\n\t\t\t\t\t\t\t\t\t<p>1. Aplica del 20 al 25 de noviembre del 2023.<br \/>2. Los paquetes se pueden ceder y redimir por otra persona con autorizaci\u00f3n previa por escrito e indicando los datos de contacto, nombre, c\u00e9dula y celular de quien reclama.<br \/>3. Aplica para todos los convenios de Prevenga.<br \/>4. El tratamiento es sujeto a valoraci\u00f3n odontol\u00f3gica y seg\u00fan criterio y recomendaci\u00f3n del especialista.<br \/>5. No es acumulable con otras promociones o descuentos.<br \/>6. El resultado y duraci\u00f3n del tratamiento depende de la evoluci\u00f3n, seguimiento a las recomendaciones y condiciones cl\u00ednicas de cada paciente.<br \/>7. Para recibir el valor antes mencionado, el paciente debe pasar por una valoraci\u00f3n inicial, la cual no tiene costo, para asegurarnos que no se tenga ning\u00fan problema odontol\u00f3gico y que si requiera el tratamiento.<\/p>\t\t\t\t\t\t\t\t<\/div>\n\t\t\t\t<\/div>\n\t\t\t\t\t<\/div>\n\t\t<\/div>\n\t\t\t\t\t<\/div>\n\t\t<\/section>\n\t\t\t\t<\/div>","protected":false},"excerpt":{"rendered":"<p>1. Aplica del 20 al 25 de noviembre del 2023.2. Los paquetes se pueden ceder y redimir por otra persona con autorizaci\u00f3n previa por escrito e indicando los datos de contacto, nombre, c\u00e9dula y celular de quien reclama.3. Aplica para todos los convenios de Prevenga.4. El tratamiento es sujeto a valoraci\u00f3n odontol\u00f3gica y seg\u00fan criterio [&hellip;]<\/p>\n","protected":false},"author":1,"featured_media":0,"parent":0,"menu_order":0,"comment_status":"closed","ping_status":"closed","template":"","meta":{"site-sidebar-layout":"no-sidebar","site-content-layout":"page-builder","ast-site-content-layout":"","site-content-style":"default","site-sidebar-style":"default","ast-global-header-display":"","ast-banner-title-visibility":"","ast-main-header-display":"","ast-hfb-above-header-display":"","ast-hfb-below-header-display":"","ast-hfb-mobile-header-display":"","site-post-title":"disabled","ast-breadcrumbs-content":"","ast-featured-img":"disabled","footer-sml-layout":"","theme-transparent-header-meta":"","adv-header-id-meta":"","stick-header-meta":"","header-above-stick-meta":"","header-main-stick-meta":"","header-below-stick-meta":"","astra-migrate-meta-layouts":"default","ast-page-background-enabled":"default","ast-page-background-meta":{"desktop":{"background-color":"var(--ast-global-color-4)","background-image":"","background-repeat":"repeat","background-position":"center center","background-size":"auto","background-attachment":"scroll","background-type":"","background-media":"","overlay-type":"","overlay-color":"","overlay-opacity":"","overlay-gradient":""},"tablet":{"background-color":"","background-image":"","background-repeat":"repeat","background-position":"center center","background-size":"auto","background-attachment":"scroll","background-type":"","background-media":"","overlay-type":"","overlay-color":"","overlay-opacity":"","overlay-gradient":""},"mobile":{"background-color":"","background-image":"","background-repeat":"repeat","background-position":"center center","background-size":"auto","background-attachment":"scroll","background-type":"","background-media":"","overlay-type":"","overlay-color":"","overlay-opacity":"","overlay-gradient":""}},"ast-content-background-meta":{"desktop":{"background-color":"var(--ast-global-color-5)","background-image":"","background-repeat":"repeat","background-position":"center center","background-size":"auto","background-attachment":"scroll","background-type":"","background-media":"","overlay-type":"","overlay-color":"","overlay-opacity":"","overlay-gradient":""},"tablet":{"background-color":"var(--ast-global-color-5)","background-image":"","background-repeat":"repeat","background-position":"center center","background-size":"auto","background-attachment":"scroll","background-type":"","background-media":"","overlay-type":"","overlay-color":"","overlay-opacity":"","overlay-gradient":""},"mobile":{"background-color":"var(--ast-global-color-5)","background-image":"","background-repeat":"repeat","background-position":"center center","background-size":"auto","background-attachment":"scroll","background-type":"","background-media":"","overlay-type":"","overlay-color":"","overlay-opacity":"","overlay-gradient":""}},"footnotes":""},"class_list":["post-2573","page","type-page","status-publish","hentry"],"_links":{"self":[{"href":"https:\/\/www.clinicasprevenga.com\/en\/wp-json\/wp\/v2\/pages\/2573","targetHints":{"allow":["GET"]}}],"collection":[{"href":"https:\/\/www.clinicasprevenga.com\/en\/wp-json\/wp\/v2\/pages"}],"about":[{"href":"https:\/\/www.clinicasprevenga.com\/en\/wp-json\/wp\/v2\/types\/page"}],"author":[{"embeddable":true,"href":"https:\/\/www.clinicasprevenga.com\/en\/wp-json\/wp\/v2\/users\/1"}],"replies":[{"embeddable":true,"href":"https:\/\/www.clinicasprevenga.com\/en\/wp-json\/wp\/v2\/comments?post=2573"}],"version-history":[{"count":7,"href":"https:\/\/www.clinicasprevenga.com\/en\/wp-json\/wp\/v2\/pages\/2573\/revisions"}],"predecessor-version":[{"id":2580,"href":"https:\/\/www.clinicasprevenga.com\/en\/wp-json\/wp\/v2\/pages\/2573\/revisions\/2580"}],"wp:attachment":[{"href":"https:\/\/www.clinicasprevenga.com\/en\/wp-json\/wp\/v2\/media?parent=2573"}],"curies":[{"name":"wp","href":"https:\/\/api.w.org\/{rel}","templated":true}]}}