{"id":2048,"date":"2023-05-30T17:46:14","date_gmt":"2023-05-30T17:46:14","guid":{"rendered":"https:\/\/www.clinicasprevenga.com\/?page_id=2048"},"modified":"2023-05-30T17:46:56","modified_gmt":"2023-05-30T17:46:56","slug":"endodoncia-multirradicular-o-birradicular","status":"publish","type":"page","link":"https:\/\/www.clinicasprevenga.com\/en\/endodoncia-multirradicular-o-birradicular\/","title":{"rendered":"Endodoncia multirradicular o birradicular"},"content":{"rendered":"<div data-elementor-type=\"wp-page\" data-elementor-id=\"2048\" class=\"elementor elementor-2048\" data-elementor-post-type=\"page\">\n\t\t\t\t\t\t<section class=\"elementor-section elementor-top-section elementor-element elementor-element-233ab122 elementor-section-boxed elementor-section-height-default elementor-section-height-default\" data-id=\"233ab122\" data-element_type=\"section\" data-e-type=\"section\">\n\t\t\t\t\t\t<div class=\"elementor-container elementor-column-gap-default\">\n\t\t\t\t\t<div class=\"elementor-column elementor-col-100 elementor-top-column elementor-element elementor-element-7855e50b\" data-id=\"7855e50b\" data-element_type=\"column\" data-e-type=\"column\">\n\t\t\t<div class=\"elementor-widget-wrap elementor-element-populated\">\n\t\t\t\t\t\t<div class=\"elementor-element elementor-element-42f9d8f elementor-widget elementor-widget-heading\" data-id=\"42f9d8f\" data-element_type=\"widget\" data-e-type=\"widget\" data-widget_type=\"heading.default\">\n\t\t\t\t<div class=\"elementor-widget-container\">\n\t\t\t\t\t<h2 class=\"elementor-heading-title elementor-size-default\">Endodoncia multirradicular o birradicular<\/h2>\t\t\t\t<\/div>\n\t\t\t\t<\/div>\n\t\t\t\t<div class=\"elementor-element elementor-element-493da3d0 elementor-widget elementor-widget-text-editor\" data-id=\"493da3d0\" data-element_type=\"widget\" data-e-type=\"widget\" data-widget_type=\"text-editor.default\">\n\t\t\t\t<div class=\"elementor-widget-container\">\n\t\t\t\t\t\t\t\t\t\n<ol class=\"wp-block-list\" type=\"1\"><li>Aplica todo el mes.<\/li><li>Costo $700.000<\/li><li>La <strong>Promo Endodoncia Multirradicular o Birradicular Incluye<\/strong>: Tratamiento de conductos en diente multirradicular o birradicular, ion\u00f3mero de selle, radiograf\u00eda final, restauraci\u00f3n hasta 3 superficies en resina de alta est\u00e9tica.<\/li><li>Applies to all Prevenga agreements.&nbsp;<\/li><li>El tratamiento es sujeto a valoraci\u00f3n odontol\u00f3gica y seg\u00fan criterio y recomendaci\u00f3n del especialista.<\/li><li>Cannot be combined with other promotions or discounts.<\/li><li>&nbsp;No es redimible en dinero.<\/li><li>El resultado y duraci\u00f3n del tratamiento depende de la evoluci\u00f3n, seguimiento a las recomendaciones y condiciones cl\u00ednicas de cada paciente.<\/li><li>Para recibir el valor antes mencionado debes pasar por valoraci\u00f3n inicial la cual tiene un costo $65.000 que son abonados al tratamiento en caso de tomar la promoci\u00f3n de la <strong>endodoncia multirradicular o birradicular.<\/strong><\/li><li>No se hace devoluci\u00f3n de dinero.<\/li><\/ol>\n\t\t\t\t\t\t\t\t<\/div>\n\t\t\t\t<\/div>\n\t\t\t\t\t<\/div>\n\t\t<\/div>\n\t\t\t\t\t<\/div>\n\t\t<\/section>\n\t\t\t\t<\/div>","protected":false},"excerpt":{"rendered":"<p>Aplica todo el mes. Costo $700.000 La Promo Endodoncia Multirradicular o Birradicular Incluye: Tratamiento de conductos en diente multirradicular o birradicular, ion\u00f3mero de selle, radiograf\u00eda final, restauraci\u00f3n hasta 3 superficies en resina de alta est\u00e9tica. Aplica para todos los convenios de Prevenga.&nbsp; El tratamiento es sujeto a valoraci\u00f3n odontol\u00f3gica y seg\u00fan criterio y recomendaci\u00f3n del [&hellip;]<\/p>\n","protected":false},"author":1,"featured_media":0,"parent":0,"menu_order":0,"comment_status":"closed","ping_status":"closed","template":"elementor_header_footer","meta":{"site-sidebar-layout":"default","site-content-layout":"","ast-site-content-layout":"","site-content-style":"default","site-sidebar-style":"default","ast-global-header-display":"","ast-banner-title-visibility":"","ast-main-header-display":"","ast-hfb-above-header-display":"","ast-hfb-below-header-display":"","ast-hfb-mobile-header-display":"","site-post-title":"","ast-breadcrumbs-content":"","ast-featured-img":"","footer-sml-layout":"","theme-transparent-header-meta":"","adv-header-id-meta":"","stick-header-meta":"","header-above-stick-meta":"","header-main-stick-meta":"","header-below-stick-meta":"","astra-migrate-meta-layouts":"default","ast-page-background-enabled":"default","ast-page-background-meta":{"desktop":{"background-color":"var(--ast-global-color-4)","background-image":"","background-repeat":"repeat","background-position":"center center","background-size":"auto","background-attachment":"scroll","background-type":"","background-media":"","overlay-type":"","overlay-color":"","overlay-opacity":"","overlay-gradient":""},"tablet":{"background-color":"","background-image":"","background-repeat":"repeat","background-position":"center center","background-size":"auto","background-attachment":"scroll","background-type":"","background-media":"","overlay-type":"","overlay-color":"","overlay-opacity":"","overlay-gradient":""},"mobile":{"background-color":"","background-image":"","background-repeat":"repeat","background-position":"center center","background-size":"auto","background-attachment":"scroll","background-type":"","background-media":"","overlay-type":"","overlay-color":"","overlay-opacity":"","overlay-gradient":""}},"ast-content-background-meta":{"desktop":{"background-color":"var(--ast-global-color-5)","background-image":"","background-repeat":"repeat","background-position":"center center","background-size":"auto","background-attachment":"scroll","background-type":"","background-media":"","overlay-type":"","overlay-color":"","overlay-opacity":"","overlay-gradient":""},"tablet":{"background-color":"var(--ast-global-color-5)","background-image":"","background-repeat":"repeat","background-position":"center center","background-size":"auto","background-attachment":"scroll","background-type":"","background-media":"","overlay-type":"","overlay-color":"","overlay-opacity":"","overlay-gradient":""},"mobile":{"background-color":"var(--ast-global-color-5)","background-image":"","background-repeat":"repeat","background-position":"center center","background-size":"auto","background-attachment":"scroll","background-type":"","background-media":"","overlay-type":"","overlay-color":"","overlay-opacity":"","overlay-gradient":""}},"footnotes":""},"class_list":["post-2048","page","type-page","status-publish","hentry"],"_links":{"self":[{"href":"https:\/\/www.clinicasprevenga.com\/en\/wp-json\/wp\/v2\/pages\/2048","targetHints":{"allow":["GET"]}}],"collection":[{"href":"https:\/\/www.clinicasprevenga.com\/en\/wp-json\/wp\/v2\/pages"}],"about":[{"href":"https:\/\/www.clinicasprevenga.com\/en\/wp-json\/wp\/v2\/types\/page"}],"author":[{"embeddable":true,"href":"https:\/\/www.clinicasprevenga.com\/en\/wp-json\/wp\/v2\/users\/1"}],"replies":[{"embeddable":true,"href":"https:\/\/www.clinicasprevenga.com\/en\/wp-json\/wp\/v2\/comments?post=2048"}],"version-history":[{"count":4,"href":"https:\/\/www.clinicasprevenga.com\/en\/wp-json\/wp\/v2\/pages\/2048\/revisions"}],"predecessor-version":[{"id":2053,"href":"https:\/\/www.clinicasprevenga.com\/en\/wp-json\/wp\/v2\/pages\/2048\/revisions\/2053"}],"wp:attachment":[{"href":"https:\/\/www.clinicasprevenga.com\/en\/wp-json\/wp\/v2\/media?parent=2048"}],"curies":[{"name":"wp","href":"https:\/\/api.w.org\/{rel}","templated":true}]}}